{"id":2396,"date":"2025-03-27T14:16:59","date_gmt":"2025-03-27T14:16:59","guid":{"rendered":"https:\/\/cp-goethe-schiller.ma\/?page_id=2396"},"modified":"2025-04-30T21:28:34","modified_gmt":"2025-04-30T21:28:34","slug":"elementor-2396","status":"publish","type":"page","link":"https:\/\/cp-goethe-schiller.ma\/?page_id=2396","title":{"rendered":"Formulaire d&rsquo;inscription"},"content":{"rendered":"\t\t<div data-elementor-type=\"wp-page\" data-elementor-id=\"2396\" class=\"elementor elementor-2396\">\n\t\t\t\t<div class=\"elementor-element elementor-element-c0058bf e-grid e-con-boxed e-con e-parent\" data-id=\"c0058bf\" data-element_type=\"container\" data-settings=\"{&quot;background_background&quot;:&quot;gradient&quot;}\">\n\t\t\t\t\t<div class=\"e-con-inner\">\n\t\t\t\t\t<\/div>\n\t\t\t\t<\/div>\n\t\t<div class=\"elementor-element elementor-element-f7d68f1 e-grid e-con-boxed e-con e-parent\" data-id=\"f7d68f1\" data-element_type=\"container\">\n\t\t\t\t\t<div class=\"e-con-inner\">\n\t\t\t\t\t<\/div>\n\t\t\t\t<\/div>\n\t\t<div class=\"elementor-element elementor-element-819ca07 e-grid e-con-boxed e-con e-parent\" data-id=\"819ca07\" data-element_type=\"container\">\n\t\t\t\t\t<div class=\"e-con-inner\">\n\t\t\t\t<div class=\"elementor-element elementor-element-ba5308f elementor-widget elementor-widget-heading\" data-id=\"ba5308f\" data-element_type=\"widget\" data-widget_type=\"heading.default\">\n\t\t\t\t<div class=\"elementor-widget-container\">\n\t\t\t\t\t<h4 class=\"elementor-heading-title elementor-size-default\">Veuillez remplir ce formulaire pour r\u00e9server votre place a l'examen TELC<\/h4>\t\t\t\t<\/div>\n\t\t\t\t<\/div>\n\t\t\t\t\t<\/div>\n\t\t\t\t<\/div>\n\t\t<div class=\"elementor-element elementor-element-b03a6b9 e-grid e-con-boxed e-con e-parent\" data-id=\"b03a6b9\" data-element_type=\"container\" data-settings=\"{&quot;background_background&quot;:&quot;slideshow&quot;,&quot;background_slideshow_gallery&quot;:[{&quot;id&quot;:878,&quot;url&quot;:&quot;https:\\\/\\\/cp-goethe-schiller.ma\\\/wp-content\\\/uploads\\\/2020\\\/11\\\/back_03.jpg&quot;}],&quot;background_slideshow_loop&quot;:&quot;yes&quot;,&quot;background_slideshow_slide_duration&quot;:5000,&quot;background_slideshow_slide_transition&quot;:&quot;fade&quot;,&quot;background_slideshow_transition_duration&quot;:500}\">\n\t\t\t\t\t<div class=\"e-con-inner\">\n\t\t<div class=\"elementor-element elementor-element-519be9d e-grid e-con-full e-con e-child\" data-id=\"519be9d\" data-element_type=\"container\">\n\t\t\t\t<div class=\"elementor-element elementor-element-c129556 elementor-position-top elementor-widget elementor-widget-image-box\" data-id=\"c129556\" data-element_type=\"widget\" data-widget_type=\"image-box.default\">\n\t\t\t\t<div class=\"elementor-widget-container\">\n\t\t\t\t\t<div class=\"elementor-image-box-wrapper\"><figure class=\"elementor-image-box-img\"><img fetchpriority=\"high\" decoding=\"async\" width=\"451\" height=\"137\" src=\"https:\/\/cp-goethe-schiller.ma\/wp-content\/uploads\/2025\/04\/CaptureZD.png\" class=\"attachment-full size-full wp-image-2513\" alt=\"\" srcset=\"https:\/\/cp-goethe-schiller.ma\/wp-content\/uploads\/2025\/04\/CaptureZD.png 451w, https:\/\/cp-goethe-schiller.ma\/wp-content\/uploads\/2025\/04\/CaptureZD-300x91.png 300w\" sizes=\"(max-width: 451px) 100vw, 451px\" \/><\/figure><\/div>\t\t\t\t<\/div>\n\t\t\t\t<\/div>\n\t\t\t\t<div class=\"elementor-element elementor-element-7a0009a elementor-position-top elementor-widget elementor-widget-image-box\" data-id=\"7a0009a\" data-element_type=\"widget\" data-widget_type=\"image-box.default\">\n\t\t\t\t<div class=\"elementor-widget-container\">\n\t\t\t\t\t<div class=\"elementor-image-box-wrapper\"><figure class=\"elementor-image-box-img\"><img decoding=\"async\" width=\"1000\" height=\"750\" src=\"https:\/\/cp-goethe-schiller.ma\/wp-content\/uploads\/2025\/03\/CPGS.png\" class=\"attachment-full size-full wp-image-439\" alt=\"\" srcset=\"https:\/\/cp-goethe-schiller.ma\/wp-content\/uploads\/2025\/03\/CPGS.png 1000w, https:\/\/cp-goethe-schiller.ma\/wp-content\/uploads\/2025\/03\/CPGS-300x225.png 300w, https:\/\/cp-goethe-schiller.ma\/wp-content\/uploads\/2025\/03\/CPGS-768x576.png 768w, https:\/\/cp-goethe-schiller.ma\/wp-content\/uploads\/2025\/03\/CPGS-600x450.png 600w\" sizes=\"(max-width: 1000px) 100vw, 1000px\" \/><\/figure><\/div>\t\t\t\t<\/div>\n\t\t\t\t<\/div>\n\t\t\t\t<\/div>\n\t\t<div class=\"elementor-element elementor-element-a4249e0 e-grid e-con-full e-con e-child\" data-id=\"a4249e0\" data-element_type=\"container\">\n\t\t\t\t<div class=\"elementor-element elementor-element-45b3599 elementor-widget elementor-widget-heading\" data-id=\"45b3599\" data-element_type=\"widget\" data-widget_type=\"heading.default\">\n\t\t\t\t<div class=\"elementor-widget-container\">\n\t\t\t\t\t<h5 class=\"elementor-heading-title elementor-size-default\">Veuillez svp sign\u00e9e ce document des\nR\u00e8gles communes aux examens num\u00e9riques : <\/h5>\t\t\t\t<\/div>\n\t\t\t\t<\/div>\n\t\t\t\t<div class=\"elementor-element elementor-element-a243147 elementor-view-default elementor-widget elementor-widget-icon\" data-id=\"a243147\" data-element_type=\"widget\" data-widget_type=\"icon.default\">\n\t\t\t\t<div class=\"elementor-widget-container\">\n\t\t\t\t\t\t\t<div class=\"elementor-icon-wrapper\">\n\t\t\t<a class=\"elementor-icon\" href=\"https:\/\/cp-goethe-schiller.ma\/wp-content\/uploads\/2025\/04\/document-des-regle.pdf\">\n\t\t\t<svg aria-hidden=\"true\" class=\"e-font-icon-svg e-fas-file-download\" viewBox=\"0 0 384 512\" xmlns=\"http:\/\/www.w3.org\/2000\/svg\"><path d=\"M224 136V0H24C10.7 0 0 10.7 0 24v464c0 13.3 10.7 24 24 24h336c13.3 0 24-10.7 24-24V160H248c-13.2 0-24-10.8-24-24zm76.45 211.36l-96.42 95.7c-6.65 6.61-17.39 6.61-24.04 0l-96.42-95.7C73.42 337.29 80.54 320 94.82 320H160v-80c0-8.84 7.16-16 16-16h32c8.84 0 16 7.16 16 16v80h65.18c14.28 0 21.4 17.29 11.27 27.36zM377 105L279.1 7c-4.5-4.5-10.6-7-17-7H256v128h128v-6.1c0-6.3-2.5-12.4-7-16.9z\"><\/path><\/svg>\t\t\t<\/a>\n\t\t<\/div>\n\t\t\t\t\t\t<\/div>\n\t\t\t\t<\/div>\n\t\t\t\t<\/div>\n\t\t\t\t\t<\/div>\n\t\t\t\t<\/div>\n\t\t<div class=\"elementor-element elementor-element-da9263e e-flex e-con-boxed e-con e-parent\" data-id=\"da9263e\" data-element_type=\"container\" data-settings=\"{&quot;background_background&quot;:&quot;slideshow&quot;,&quot;background_slideshow_gallery&quot;:[{&quot;id&quot;:878,&quot;url&quot;:&quot;https:\\\/\\\/cp-goethe-schiller.ma\\\/wp-content\\\/uploads\\\/2020\\\/11\\\/back_03.jpg&quot;}],&quot;background_slideshow_loop&quot;:&quot;yes&quot;,&quot;background_slideshow_slide_duration&quot;:5000,&quot;background_slideshow_slide_transition&quot;:&quot;fade&quot;,&quot;background_slideshow_transition_duration&quot;:500}\">\n\t\t\t\t\t<div class=\"e-con-inner\">\n\t\t\t\t<div class=\"elementor-element elementor-element-dc8198a elementor-widget elementor-widget-text-editor\" data-id=\"dc8198a\" data-element_type=\"widget\" data-widget_type=\"text-editor.default\">\n\t\t\t\t<div class=\"elementor-widget-container\">\n\t\t\t\t\t\t\t\t\t\n<div class=\"wpcf7 no-js\" id=\"wpcf7-f2398-o1\" lang=\"fr-FR\" dir=\"ltr\" data-wpcf7-id=\"2398\">\n<div class=\"screen-reader-response\"><p role=\"status\" aria-live=\"polite\" aria-atomic=\"true\"><\/p> <ul><\/ul><\/div>\n<form action=\"\/index.php?rest_route=%2Fwp%2Fv2%2Fpages%2F2396#wpcf7-f2398-o1\" method=\"post\" class=\"wpcf7-form init\" aria-label=\"Formulaire de contact\" enctype=\"multipart\/form-data\" novalidate=\"novalidate\" data-status=\"init\">\n<div style=\"display: none;\">\n<input type=\"hidden\" name=\"_wpcf7\" value=\"2398\" \/>\n<input type=\"hidden\" name=\"_wpcf7_version\" value=\"6.0.6\" \/>\n<input type=\"hidden\" name=\"_wpcf7_locale\" value=\"fr_FR\" \/>\n<input type=\"hidden\" name=\"_wpcf7_unit_tag\" value=\"wpcf7-f2398-o1\" \/>\n<input type=\"hidden\" name=\"_wpcf7_container_post\" value=\"0\" \/>\n<input type=\"hidden\" name=\"_wpcf7_posted_data_hash\" value=\"\" \/>\n<\/div>\n<p><label> Familienname \/Nom de famille :<\/label><br \/>\n<span class=\"wpcf7-form-control-wrap\" data-name=\"Nachname\"><input size=\"40\" maxlength=\"400\" class=\"wpcf7-form-control wpcf7-text wpcf7-validates-as-required\" aria-required=\"true\" aria-invalid=\"false\" value=\"\" type=\"text\" name=\"Nachname\" \/><\/span>\n<\/p>\n<p><label> Vorname \/ Pr\u00e9nom : <\/label><br \/>\n<span class=\"wpcf7-form-control-wrap\" data-name=\"Vorname\"><input size=\"40\" maxlength=\"400\" class=\"wpcf7-form-control wpcf7-text wpcf7-validates-as-required\" aria-required=\"true\" aria-invalid=\"false\" value=\"\" type=\"text\" name=\"Vorname\" \/><\/span>\n<\/p>\n<p><label> Geburtsdatum\/Date de naissance :<\/label><br \/>\n<span class=\"wpcf7-form-control-wrap\" data-name=\"Gerburtsdatum\"><input class=\"wpcf7-form-control wpcf7-date wpcf7-validates-as-date\" aria-invalid=\"false\" value=\"\" type=\"date\" name=\"Gerburtsdatum\" \/><\/span>\n<\/p>\n<p><label> Gerburtsort \/ Lieu de naissance: <\/label><br \/>\n<span class=\"wpcf7-form-control-wrap\" data-name=\"Gerburtsort\"><input size=\"40\" maxlength=\"400\" class=\"wpcf7-form-control wpcf7-text wpcf7-validates-as-required\" aria-required=\"true\" aria-invalid=\"false\" value=\"\" type=\"text\" name=\"Gerburtsort\" \/><\/span>\n<\/p>\n<p><label> Ausweisn\u00fcmmer \/Num\u00e9ro de la CIN :<\/label><br \/>\n<span class=\"wpcf7-form-control-wrap\" data-name=\"Num_des_personalausweises\"><input size=\"40\" maxlength=\"400\" class=\"wpcf7-form-control wpcf7-text wpcf7-validates-as-required\" aria-required=\"true\" aria-invalid=\"false\" value=\"\" type=\"text\" name=\"Num_des_personalausweises\" \/><\/span>\n<\/p>\n<p><label> E-mail : <\/label><br \/>\n<span class=\"wpcf7-form-control-wrap\" data-name=\"E_mail_adresse\"><input size=\"40\" maxlength=\"400\" class=\"wpcf7-form-control wpcf7-email wpcf7-validates-as-required wpcf7-text wpcf7-validates-as-email\" aria-required=\"true\" aria-invalid=\"false\" value=\"\" type=\"email\" name=\"E_mail_adresse\" \/><\/span>\n<\/p>\n<p><label>Handyn\u00fcmmer\/ Num\u00e9ro de t\u00e9l\u00e9phone : <\/label><br \/>\n<span class=\"wpcf7-form-control-wrap\" data-name=\"Telefornnummer\"><input size=\"40\" maxlength=\"400\" class=\"wpcf7-form-control wpcf7-tel wpcf7-text wpcf7-validates-as-tel\" aria-invalid=\"false\" value=\"\" type=\"tel\" name=\"Telefornnummer\" \/><\/span>\n<\/p>\n<p><label>Pr\u00fcf\u00fcngsdatum \/ Date d&rsquo;examen :<\/label><br \/>\n<span class=\"wpcf7-form-control-wrap\" data-name=\"Prufungsdatum\"><input class=\"wpcf7-form-control wpcf7-date wpcf7-validates-as-date\" aria-invalid=\"false\" value=\"\" type=\"date\" name=\"Prufungsdatum\" \/><\/span>\n<\/p>\n<p><label>Pr\u00fcfungsdatum \/ Niveau de langue :<\/label><br \/>\n<span class=\"wpcf7-form-control-wrap\" data-name=\"Niveau\"><span class=\"wpcf7-form-control wpcf7-radio\"><span class=\"wpcf7-list-item first\"><input type=\"radio\" name=\"Niveau\" value=\"B1\" \/><span class=\"wpcf7-list-item-label\">B1<\/span><\/span><span class=\"wpcf7-list-item last\"><input type=\"radio\" name=\"Niveau\" value=\"B2\" \/><span class=\"wpcf7-list-item-label\">B2<\/span><\/span><\/span><\/span>\n<\/p>\n<p><label>Pr\u00fcfung \/ Examen :<\/label><br \/>\n<span class=\"wpcf7-form-control-wrap\" data-name=\"Wahlen_sie_lhre_telc_prufung_aus\"><span class=\"wpcf7-form-control wpcf7-radio\"><span class=\"wpcf7-list-item first\"><input type=\"radio\" name=\"Wahlen_sie_lhre_telc_prufung_aus\" value=\"Gesamtpr\u00fcfung\" \/><span class=\"wpcf7-list-item-label\">Gesamtpr\u00fcfung<\/span><\/span><span class=\"wpcf7-list-item\"><input type=\"radio\" name=\"Wahlen_sie_lhre_telc_prufung_aus\" value=\"Teilpr\u00fcfung:schiflich\" \/><span class=\"wpcf7-list-item-label\">Teilpr\u00fcfung:schiflich<\/span><\/span><span class=\"wpcf7-list-item last\"><input type=\"radio\" name=\"Wahlen_sie_lhre_telc_prufung_aus\" value=\"Teilpr\u00fcfung:m\u00fcndlich\" \/><span class=\"wpcf7-list-item-label\">Teilpr\u00fcfung:m\u00fcndlich<\/span><\/span><\/span><\/span>\n<\/p>\n<p><label> Ihr Foto \/ Votre photo :<\/label><br \/>\n<span class=\"wpcf7-form-control-wrap\" data-name=\"file-218\"><input size=\"40\" class=\"wpcf7-form-control wpcf7-file\" accept=\".jpg,.png,.pdf\" aria-invalid=\"false\" type=\"file\" name=\"file-218\" \/><\/span>\n<\/p>\n<p><label> Ihr Personalausweis \/ votre CIN : <\/label>\n<\/p>\n<p><span class=\"wpcf7-form-control-wrap\" data-name=\"file-811\"><input size=\"40\" class=\"wpcf7-form-control wpcf7-file\" accept=\".jpg,.png,.pdf\" aria-invalid=\"false\" type=\"file\" name=\"file-811\" \/><\/span>\n<\/p>\n<p><label> Document des r\u00e8gles d&rsquo;examen sign\u00e9e : <\/label><br \/>\n<span class=\"wpcf7-form-control-wrap\" data-name=\"file-272\"><input size=\"40\" class=\"wpcf7-form-control wpcf7-file\" accept=\".jpg,.png,.pdf\" aria-invalid=\"false\" type=\"file\" name=\"file-272\" \/><\/span>\n<\/p>\n<p><span class=\"wpcf7-form-control-wrap\" data-name=\"radio-366\"><span class=\"wpcf7-form-control wpcf7-radio\"><span class=\"wpcf7-list-item first last\"><label><input type=\"radio\" name=\"radio-366\" value=\"Je certifie que les information contenues dans ce formulaire sont exactes .\" \/><span class=\"wpcf7-list-item-label\">Je certifie que les information contenues dans ce formulaire sont exactes .<\/span><\/label><\/span><\/span><\/span>\n<\/p>\n<p><input class=\"wpcf7-form-control wpcf7-submit has-spinner\" type=\"submit\" value=\"S&#039;inscrire\" \/>\n<\/p><div class=\"wpcf7-response-output\" aria-hidden=\"true\"><\/div>\n<\/form>\n<\/div>\n\t\t\t\t\t\t\t\t<\/div>\n\t\t\t\t<\/div>\n\t\t\t\t\t<\/div>\n\t\t\t\t<\/div>\n\t\t\t\t<\/div>\n\t\t","protected":false},"excerpt":{"rendered":"<p>Veuillez remplir ce formulaire pour r\u00e9server votre place a l&rsquo;examen TELC Veuillez svp sign\u00e9e ce document des R\u00e8gles communes aux examens num\u00e9riques :<\/p>\n","protected":false},"author":1,"featured_media":0,"parent":0,"menu_order":0,"comment_status":"closed","ping_status":"closed","template":"","meta":{"give_campaign_id":0,"_monsterinsights_skip_tracking":false,"_monsterinsights_sitenote_active":false,"_monsterinsights_sitenote_note":"","_monsterinsights_sitenote_category":0,"_price":"","_stock":"","_tribe_ticket_header":"","_tribe_default_ticket_provider":"","_tribe_ticket_capacity":"0","_ticket_start_date":"","_ticket_end_date":"","_tribe_ticket_show_description":"","_tribe_ticket_show_not_going":false,"_tribe_ticket_use_global_stock":"","_tribe_ticket_global_stock_level":"","_global_stock_mode":"","_global_stock_cap":"","_tribe_rsvp_for_event":"","_tribe_ticket_going_count":"","_tribe_ticket_not_going_count":"","_tribe_tickets_list":"[]","_tribe_ticket_has_attendee_info_fields":false,"_kadence_starter_templates_imported_post":false,"_kad_post_transparent":"","_kad_post_title":"hide","_kad_post_layout":"fullwidth","_kad_post_sidebar_id":"","_kad_post_content_style":"unboxed","_kad_post_vertical_padding":"hide","_kad_post_feature":"hide","_kad_post_feature_position":"","_kad_post_header":false,"_kad_post_footer":false,"footnotes":"","_tec_slr_enabled":"","_tec_slr_layout":""},"class_list":["post-2396","page","type-page","status-publish","hentry"],"aioseo_notices":[],"campaignId":"","ticketed":false,"_links":{"self":[{"href":"https:\/\/cp-goethe-schiller.ma\/index.php?rest_route=\/wp\/v2\/pages\/2396","targetHints":{"allow":["GET"]}}],"collection":[{"href":"https:\/\/cp-goethe-schiller.ma\/index.php?rest_route=\/wp\/v2\/pages"}],"about":[{"href":"https:\/\/cp-goethe-schiller.ma\/index.php?rest_route=\/wp\/v2\/types\/page"}],"author":[{"embeddable":true,"href":"https:\/\/cp-goethe-schiller.ma\/index.php?rest_route=\/wp\/v2\/users\/1"}],"replies":[{"embeddable":true,"href":"https:\/\/cp-goethe-schiller.ma\/index.php?rest_route=%2Fwp%2Fv2%2Fcomments&post=2396"}],"version-history":[{"count":120,"href":"https:\/\/cp-goethe-schiller.ma\/index.php?rest_route=\/wp\/v2\/pages\/2396\/revisions"}],"predecessor-version":[{"id":2891,"href":"https:\/\/cp-goethe-schiller.ma\/index.php?rest_route=\/wp\/v2\/pages\/2396\/revisions\/2891"}],"wp:attachment":[{"href":"https:\/\/cp-goethe-schiller.ma\/index.php?rest_route=%2Fwp%2Fv2%2Fmedia&parent=2396"}],"curies":[{"name":"wp","href":"https:\/\/api.w.org\/{rel}","templated":true}]}}