{"id":1443,"date":"2020-12-01T12:19:14","date_gmt":"2020-12-01T09:19:14","guid":{"rendered":"http:\/\/www.grafas.org\/demo05\/?page_id=1443"},"modified":"2025-04-30T22:08:14","modified_gmt":"2025-04-30T22:08:14","slug":"about","status":"publish","type":"page","link":"https:\/\/cp-goethe-schiller.ma\/?page_id=1443","title":{"rendered":"A propos"},"content":{"rendered":"\t\t<div data-elementor-type=\"wp-page\" data-elementor-id=\"1443\" class=\"elementor elementor-1443\">\n\t\t\t\t\t\t<section class=\"elementor-section elementor-top-section elementor-element elementor-element-5cadc1e elementor-section-boxed elementor-section-height-default elementor-section-height-default\" data-id=\"5cadc1e\" data-element_type=\"section\" data-settings=\"{&quot;background_background&quot;:&quot;classic&quot;}\">\n\t\t\t\t\t\t\t<div class=\"elementor-background-overlay\"><\/div>\n\t\t\t\t\t\t\t<div class=\"elementor-container elementor-column-gap-default\">\n\t\t\t\t\t<div class=\"elementor-column elementor-col-50 elementor-top-column elementor-element elementor-element-8bbd047\" data-id=\"8bbd047\" data-element_type=\"column\">\n\t\t\t<div class=\"elementor-widget-wrap\">\n\t\t\t\t\t\t\t<\/div>\n\t\t<\/div>\n\t\t\t\t<div class=\"elementor-column elementor-col-50 elementor-top-column elementor-element elementor-element-9e371d3 elementor-hidden-tablet elementor-hidden-phone\" data-id=\"9e371d3\" data-element_type=\"column\">\n\t\t\t<div class=\"elementor-widget-wrap\">\n\t\t\t\t\t\t\t<\/div>\n\t\t<\/div>\n\t\t\t\t\t<\/div>\n\t\t<\/section>\n\t\t\t\t<section class=\"elementor-section elementor-top-section elementor-element elementor-element-93a58b2 elementor-section-boxed elementor-section-height-default elementor-section-height-default\" data-id=\"93a58b2\" data-element_type=\"section\">\n\t\t\t\t\t\t<div class=\"elementor-container elementor-column-gap-default\">\n\t\t\t\t\t<div class=\"elementor-column elementor-col-50 elementor-top-column elementor-element elementor-element-ab63f84 elementor-invisible\" data-id=\"ab63f84\" data-element_type=\"column\" data-settings=\"{&quot;animation&quot;:&quot;fadeIn&quot;,&quot;animation_delay&quot;:300}\">\n\t\t\t<div class=\"elementor-widget-wrap elementor-element-populated\">\n\t\t\t\t\t\t<div class=\"elementor-element elementor-element-1ee1dcf elementor-widget elementor-widget-heading\" data-id=\"1ee1dcf\" data-element_type=\"widget\" data-widget_type=\"heading.default\">\n\t\t\t\t<div class=\"elementor-widget-container\">\n\t\t\t\t\t<h3 class=\"elementor-heading-title elementor-size-default\">Goethe et Schiller <\/h3>\t\t\t\t<\/div>\n\t\t\t\t<\/div>\n\t\t\t\t<div class=\"elementor-element elementor-element-3c45338 elementor-widget elementor-widget-text-editor\" data-id=\"3c45338\" data-element_type=\"widget\" data-widget_type=\"text-editor.default\">\n\t\t\t\t<div class=\"elementor-widget-container\">\n\t\t\t\t\t\t\t\t\t<p>A l\u2019issue de leur rencontre \u00e0 Jena en juillet 1794, Goethe et Schiller vont nouer une amiti\u00e9 qu\u2019un intense \u00e9change \u00e9pistolaire va entretenir et alimenter jusqu\u2019\u00e0 la mort pr\u00e9matur\u00e9e de Schiller en 1805. Cet \u00e9change \u00e9pistolaire de facture classique, qui donne souvent \u00e0 la lettre la dimension d\u2019un espace critique ou lui octroie la fonction d\u2019un laboratoire de la cr\u00e9ation artistique et litt\u00e9raire, pr\u00e9sente en filigrane une originalit\u00e9 qui signe ce qui caract\u00e9rise l\u2019enjambement du XVIIIe au XIXe si\u00e8cle, \u00e0 savoir une critique du dualisme qui ouvre sur la perspective d\u2019une r\u00e9conciliation entre des domaines de la pens\u00e9e jusqu\u2019alors s\u00e9par\u00e9s et propose, non plus d\u2019opposer sciences et litt\u00e9rature, mais de les articuler et d\u2019envisager la possibilit\u00e9 de tenir un discours scientifique sur l\u2019\u0153uvre litt\u00e9raire.<\/p>\t\t\t\t\t\t\t\t<\/div>\n\t\t\t\t<\/div>\n\t\t\t\t\t<\/div>\n\t\t<\/div>\n\t\t\t\t<div class=\"elementor-column elementor-col-50 elementor-top-column elementor-element elementor-element-3674554\" data-id=\"3674554\" data-element_type=\"column\">\n\t\t\t<div class=\"elementor-widget-wrap elementor-element-populated\">\n\t\t\t\t\t\t<div class=\"elementor-element elementor-element-cc18610 elementor-invisible elementor-widget elementor-widget-image-carousel\" data-id=\"cc18610\" data-element_type=\"widget\" data-settings=\"{&quot;navigation&quot;:&quot;none&quot;,&quot;slides_to_show&quot;:&quot;1&quot;,&quot;autoplay_speed&quot;:3000,&quot;effect&quot;:&quot;fade&quot;,&quot;speed&quot;:600,&quot;_animation&quot;:&quot;fadeInRight&quot;,&quot;autoplay&quot;:&quot;yes&quot;,&quot;pause_on_hover&quot;:&quot;yes&quot;,&quot;pause_on_interaction&quot;:&quot;yes&quot;,&quot;infinite&quot;:&quot;yes&quot;}\" data-widget_type=\"image-carousel.default\">\n\t\t\t\t<div class=\"elementor-widget-container\">\n\t\t\t\t\t\t\t<div class=\"elementor-image-carousel-wrapper swiper\" role=\"region\" aria-roledescription=\"carousel\" aria-label=\"Carrousel d\u2019images\" dir=\"ltr\">\n\t\t\t<div class=\"elementor-image-carousel swiper-wrapper\" aria-live=\"off\">\n\t\t\t\t\t\t\t\t<div class=\"swiper-slide\" role=\"group\" aria-roledescription=\"slide\" aria-label=\"1 sur 1\"><figure class=\"swiper-slide-inner\"><img decoding=\"async\" class=\"swiper-slide-image\" src=\"https:\/\/cp-goethe-schiller.ma\/wp-content\/uploads\/2025\/03\/Weimar_Goethe-Schiller-Denkmal_2012_02-scaled.jpg\" alt=\"Weimar_Goethe-Schiller-Denkmal_2012_02\" \/><\/figure><\/div>\t\t\t<\/div>\n\t\t\t\t\t<\/div>\n\t\t\t\t\t\t<\/div>\n\t\t\t\t<\/div>\n\t\t\t\t\t<\/div>\n\t\t<\/div>\n\t\t\t\t\t<\/div>\n\t\t<\/section>\n\t\t\t\t<section class=\"elementor-section elementor-top-section elementor-element elementor-element-d55a11f elementor-reverse-tablet elementor-reverse-mobile elementor-section-boxed elementor-section-height-default elementor-section-height-default\" data-id=\"d55a11f\" data-element_type=\"section\" data-settings=\"{&quot;background_background&quot;:&quot;gradient&quot;}\">\n\t\t\t\t\t\t<div class=\"elementor-container elementor-column-gap-no\">\n\t\t\t\t\t<div class=\"elementor-column elementor-col-100 elementor-top-column elementor-element elementor-element-84c5d1a elementor-invisible\" data-id=\"84c5d1a\" data-element_type=\"column\" data-settings=\"{&quot;animation&quot;:&quot;fadeIn&quot;,&quot;animation_delay&quot;:300}\">\n\t\t\t<div class=\"elementor-widget-wrap elementor-element-populated\">\n\t\t\t\t\t\t<div class=\"elementor-element elementor-element-b677818 elementor-widget elementor-widget-heading\" data-id=\"b677818\" data-element_type=\"widget\" data-widget_type=\"heading.default\">\n\t\t\t\t<div class=\"elementor-widget-container\">\n\t\t\t\t\t<h5 class=\"elementor-heading-title elementor-size-default\">Pourquoi CP Goethe &amp; Schiller  ?\n\n\n\n<\/h5>\t\t\t\t<\/div>\n\t\t\t\t<\/div>\n\t\t\t\t<div class=\"elementor-element elementor-element-72aca07 elementor-widget elementor-widget-text-editor\" data-id=\"72aca07\" data-element_type=\"widget\" data-widget_type=\"text-editor.default\">\n\t\t\t\t<div class=\"elementor-widget-container\">\n\t\t\t\t\t\t\t\t\t<p>\u00c0 le centre p\u00e9dagogique Goethe &amp; Schiller , nous nous sp\u00e9cialisons dans la proposition de cursus exhaustifs en langue allemande, adapt\u00e9s \u00e0 tous\u00a0 \u00e2ges et niveaux, de A1 \u00e0 C1 , nos formateurs exp\u00e9riment\u00e9s sont enti\u00e8rement d\u00e9vou\u00e9s \u00e0 vous guider vers le succ\u00e8s dans votre parcours linguistique allemand.<\/p>\t\t\t\t\t\t\t\t<\/div>\n\t\t\t\t<\/div>\n\t\t\t\t\t<\/div>\n\t\t<\/div>\n\t\t\t\t\t<\/div>\n\t\t<\/section>\n\t\t\t\t<section class=\"elementor-section elementor-top-section elementor-element elementor-element-de954f9 elementor-section-boxed elementor-section-height-default elementor-section-height-default\" data-id=\"de954f9\" data-element_type=\"section\">\n\t\t\t\t\t\t<div class=\"elementor-container elementor-column-gap-default\">\n\t\t\t\t\t<div class=\"elementor-column elementor-col-100 elementor-top-column elementor-element elementor-element-0c98da5\" data-id=\"0c98da5\" data-element_type=\"column\">\n\t\t\t<div class=\"elementor-widget-wrap elementor-element-populated\">\n\t\t\t\t\t\t<div class=\"elementor-element elementor-element-075a003 elementor-widget-divider--view-line elementor-widget elementor-widget-divider\" data-id=\"075a003\" data-element_type=\"widget\" data-widget_type=\"divider.default\">\n\t\t\t\t<div class=\"elementor-widget-container\">\n\t\t\t\t\t\t\t<div class=\"elementor-divider\">\n\t\t\t<span class=\"elementor-divider-separator\">\n\t\t\t\t\t\t<\/span>\n\t\t<\/div>\n\t\t\t\t\t\t<\/div>\n\t\t\t\t<\/div>\n\t\t\t\t\t<\/div>\n\t\t<\/div>\n\t\t\t\t\t<\/div>\n\t\t<\/section>\n\t\t<div class=\"elementor-element elementor-element-b5d8f32 e-grid e-con-boxed e-con e-parent\" data-id=\"b5d8f32\" data-element_type=\"container\">\n\t\t\t\t\t<div class=\"e-con-inner\">\n\t\t\t\t<div class=\"elementor-element elementor-element-fc69a31 elementor-widget__width-initial elementor-widget elementor-widget-heading\" data-id=\"fc69a31\" data-element_type=\"widget\" data-widget_type=\"heading.default\">\n\t\t\t\t<div class=\"elementor-widget-container\">\n\t\t\t\t\t<h3 class=\"elementor-heading-title elementor-size-default\">Nos Valeurs<\/h3>\t\t\t\t<\/div>\n\t\t\t\t<\/div>\n\t\t\t\t<div class=\"elementor-element elementor-element-2a98750 elementor-position-left elementor-vertical-align-top elementor-widget elementor-widget-image-box\" data-id=\"2a98750\" data-element_type=\"widget\" data-widget_type=\"image-box.default\">\n\t\t\t\t<div class=\"elementor-widget-container\">\n\t\t\t\t\t<div class=\"elementor-image-box-wrapper\"><figure class=\"elementor-image-box-img\"><img decoding=\"async\" src=\"https:\/\/cp-goethe-schiller.ma\/wp-content\/uploads\/elementor\/thumbs\/goal_3696746-r54ziwrhyi5r0m06elz5ciumk1vu7staj8640lutbc.png\" title=\"goal_3696746\" alt=\"goal_3696746\" loading=\"lazy\" \/><\/figure><div class=\"elementor-image-box-content\"><h4 class=\"elementor-image-box-title\">Professionnalisme<\/h4><p class=\"elementor-image-box-description\">Nous nous engageons \u00e0 maintenir les normes les plus \u00e9lev\u00e9es de professionnalisme dans l'ensemble de nos enseignements et services.<\/p><\/div><\/div>\t\t\t\t<\/div>\n\t\t\t\t<\/div>\n\t\t\t\t<div class=\"elementor-element elementor-element-50e5fde elementor-position-left elementor-vertical-align-top elementor-widget elementor-widget-image-box\" data-id=\"50e5fde\" data-element_type=\"widget\" data-widget_type=\"image-box.default\">\n\t\t\t\t<div class=\"elementor-widget-container\">\n\t\t\t\t\t<div class=\"elementor-image-box-wrapper\"><figure class=\"elementor-image-box-img\"><img decoding=\"async\" src=\"https:\/\/cp-goethe-schiller.ma\/wp-content\/uploads\/elementor\/thumbs\/experience_11647215-r54znqnn2ursogzl7754nsywgc2qrszmv4uxssozc8.png\" title=\"experience_11647215\" alt=\"experience_11647215\" loading=\"lazy\" \/><\/figure><div class=\"elementor-image-box-content\"><h4 class=\"elementor-image-box-title\">Expertise<\/h4><p class=\"elementor-image-box-description\">Nos formateurs experts, cumulant plus de 15 ann\u00e9es d'exp\u00e9rience dans l'enseignement, s'assurent que chaque \u00e9tudiant b\u00e9n\u00e9ficie d'une \u00e9ducation de premi\u00e8re qualit\u00e9.<\/p><\/div><\/div>\t\t\t\t<\/div>\n\t\t\t\t<\/div>\n\t\t\t\t<div class=\"elementor-element elementor-element-a36e39a elementor-position-left elementor-vertical-align-top elementor-widget elementor-widget-image-box\" data-id=\"a36e39a\" data-element_type=\"widget\" data-widget_type=\"image-box.default\">\n\t\t\t\t<div class=\"elementor-widget-container\">\n\t\t\t\t\t<div class=\"elementor-image-box-wrapper\"><figure class=\"elementor-image-box-img\"><img decoding=\"async\" src=\"https:\/\/cp-goethe-schiller.ma\/wp-content\/uploads\/elementor\/thumbs\/transparency_16114983-r54ztfkggqkazgpxynpsrd9dyc0rdtl4bb2sf495ns.png\" title=\"transparency_16114983\" alt=\"transparency_16114983\" loading=\"lazy\" \/><\/figure><div class=\"elementor-image-box-content\"><h4 class=\"elementor-image-box-title\">Transparence<\/h4><p class=\"elementor-image-box-description\">Nous croyons fermement en une communication transparente et des pratiques op\u00e9rationnelles qui garantissent la confiance et la satisfaction de nos \u00e9tudiants.<\/p><\/div><\/div>\t\t\t\t<\/div>\n\t\t\t\t<\/div>\n\t\t\t\t\t<\/div>\n\t\t\t\t<\/div>\n\t\t<div class=\"elementor-element elementor-element-04b6546 e-grid e-con-boxed e-con e-parent\" data-id=\"04b6546\" data-element_type=\"container\">\n\t\t\t\t\t<div class=\"e-con-inner\">\n\t\t\t\t<div class=\"elementor-element elementor-element-319e47b elementor-widget elementor-widget-spacer\" data-id=\"319e47b\" data-element_type=\"widget\" data-widget_type=\"spacer.default\">\n\t\t\t\t<div class=\"elementor-widget-container\">\n\t\t\t\t\t\t\t<div class=\"elementor-spacer\">\n\t\t\t<div class=\"elementor-spacer-inner\"><\/div>\n\t\t<\/div>\n\t\t\t\t\t\t<\/div>\n\t\t\t\t<\/div>\n\t\t\t\t\t<\/div>\n\t\t\t\t<\/div>\n\t\t<div class=\"elementor-element elementor-element-a7ac283 e-grid e-con-boxed e-con e-parent\" data-id=\"a7ac283\" data-element_type=\"container\" data-settings=\"{&quot;background_background&quot;:&quot;gradient&quot;}\">\n\t\t\t\t\t<div class=\"e-con-inner\">\n\t\t\t\t<div class=\"elementor-element elementor-element-a38850d elementor-widget elementor-widget-heading\" data-id=\"a38850d\" data-element_type=\"widget\" data-widget_type=\"heading.default\">\n\t\t\t\t<div class=\"elementor-widget-container\">\n\t\t\t\t\t<h3 class=\"elementor-heading-title elementor-size-default\">Nos Objectif <\/h3>\t\t\t\t<\/div>\n\t\t\t\t<\/div>\n\t\t\t\t<div class=\"elementor-element elementor-element-03170b6 elementor-widget elementor-widget-text-editor\" data-id=\"03170b6\" data-element_type=\"widget\" data-widget_type=\"text-editor.default\">\n\t\t\t\t<div class=\"elementor-widget-container\">\n\t\t\t\t\t\t\t\t\t<p class=\"paragraph--large\">Notre mission principale consiste \u00e0 offrir \u00e0 chaque \u00e9tudiant rejoignant Le centre p\u00e9dagogique Goethe &amp; Schiller la meilleure exp\u00e9rience d&rsquo;apprentissage possible en langue allemand,\u00a0 Nous nous engageons \u00e0 vous aider \u00e0 atteindre vos objectifs linguistiques et \u00e0 vous ouvrir les portes vers un monde d&rsquo;opportunit\u00e9s.<\/p><p class=\"paragraph--large\">Rejoignez nous \u00e0 L&rsquo;Acad\u00e9mie Allemande et embarquez dans un voyage de ma\u00eetrise de la langue allemande empreint de confiance et de comp\u00e9tence.<\/p>\t\t\t\t\t\t\t\t<\/div>\n\t\t\t\t<\/div>\n\t\t\t\t\t<\/div>\n\t\t\t\t<\/div>\n\t\t<div class=\"elementor-element elementor-element-2010b41 e-flex e-con-boxed e-con e-parent\" data-id=\"2010b41\" data-element_type=\"container\">\n\t\t\t\t\t<div class=\"e-con-inner\">\n\t\t\t\t<div class=\"elementor-element elementor-element-37fab31 elementor-widget elementor-widget-spacer\" data-id=\"37fab31\" data-element_type=\"widget\" data-widget_type=\"spacer.default\">\n\t\t\t\t<div class=\"elementor-widget-container\">\n\t\t\t\t\t\t\t<div class=\"elementor-spacer\">\n\t\t\t<div class=\"elementor-spacer-inner\"><\/div>\n\t\t<\/div>\n\t\t\t\t\t\t<\/div>\n\t\t\t\t<\/div>\n\t\t\t\t\t<\/div>\n\t\t\t\t<\/div>\n\t\t<div class=\"elementor-element elementor-element-4e75c41 e-grid e-con-boxed e-con e-parent\" data-id=\"4e75c41\" data-element_type=\"container\" data-settings=\"{&quot;background_background&quot;:&quot;slideshow&quot;,&quot;background_slideshow_gallery&quot;:[{&quot;id&quot;:1983,&quot;url&quot;:&quot;https:\\\/\\\/cp-goethe-schiller.ma\\\/wp-content\\\/uploads\\\/2020\\\/12\\\/logo01.png&quot;}],&quot;background_slideshow_loop&quot;:&quot;yes&quot;,&quot;background_slideshow_slide_duration&quot;:5000,&quot;background_slideshow_slide_transition&quot;:&quot;fade&quot;,&quot;background_slideshow_transition_duration&quot;:500}\">\n\t\t\t\t\t<div class=\"e-con-inner\">\n\t\t\t\t<div class=\"elementor-element elementor-element-abd9419 elementor-widget elementor-widget-counter\" data-id=\"abd9419\" data-element_type=\"widget\" data-widget_type=\"counter.default\">\n\t\t\t\t<div class=\"elementor-widget-container\">\n\t\t\t\t\t\t\t<div class=\"elementor-counter\">\n\t\t\t<div class=\"elementor-counter-title\">choix de Goetger &amp; Schiller\u200b<\/div>\t\t\t<div class=\"elementor-counter-number-wrapper\">\n\t\t\t\t<span class=\"elementor-counter-number-prefix\"><\/span>\n\t\t\t\t<span class=\"elementor-counter-number\" data-duration=\"2000\" data-to-value=\"1000\" data-from-value=\"0\" data-delimiter=\",\">0<\/span>\n\t\t\t\t<span class=\"elementor-counter-number-suffix\"><\/span>\n\t\t\t<\/div>\n\t\t<\/div>\n\t\t\t\t\t\t<\/div>\n\t\t\t\t<\/div>\n\t\t\t\t<div class=\"elementor-element elementor-element-36261da elementor-widget elementor-widget-counter\" data-id=\"36261da\" data-element_type=\"widget\" data-widget_type=\"counter.default\">\n\t\t\t\t<div class=\"elementor-widget-container\">\n\t\t\t\t\t\t\t<div class=\"elementor-counter\">\n\t\t\t<div class=\"elementor-counter-title\">r\u00e9ussit d'examen B1 B2<\/div>\t\t\t<div class=\"elementor-counter-number-wrapper\">\n\t\t\t\t<span class=\"elementor-counter-number-prefix\"><\/span>\n\t\t\t\t<span class=\"elementor-counter-number\" data-duration=\"2000\" data-to-value=\"80\" data-from-value=\"\" data-delimiter=\",\"><\/span>\n\t\t\t\t<span class=\"elementor-counter-number-suffix\">%<\/span>\n\t\t\t<\/div>\n\t\t<\/div>\n\t\t\t\t\t\t<\/div>\n\t\t\t\t<\/div>\n\t\t\t\t<div class=\"elementor-element elementor-element-9b57320 elementor-widget elementor-widget-counter\" data-id=\"9b57320\" data-element_type=\"widget\" data-widget_type=\"counter.default\">\n\t\t\t\t<div class=\"elementor-widget-container\">\n\t\t\t\t\t\t\t<div class=\"elementor-counter\">\n\t\t\t<div class=\"elementor-counter-title\">PARTENAIRE \u200b<\/div>\t\t\t<div class=\"elementor-counter-number-wrapper\">\n\t\t\t\t<span class=\"elementor-counter-number-prefix\"><\/span>\n\t\t\t\t<span class=\"elementor-counter-number\" data-duration=\"2000\" data-to-value=\"10\" data-from-value=\"\" data-delimiter=\",\"><\/span>\n\t\t\t\t<span class=\"elementor-counter-number-suffix\"><\/span>\n\t\t\t<\/div>\n\t\t<\/div>\n\t\t\t\t\t\t<\/div>\n\t\t\t\t<\/div>\n\t\t\t\t<div class=\"elementor-element elementor-element-d0c2baa elementor-widget elementor-widget-counter\" data-id=\"d0c2baa\" data-element_type=\"widget\" data-widget_type=\"counter.default\">\n\t\t\t\t<div class=\"elementor-widget-container\">\n\t\t\t\t\t\t\t<div class=\"elementor-counter\">\n\t\t\t<div class=\"elementor-counter-title\">Accord de  visa \u200b<\/div>\t\t\t<div class=\"elementor-counter-number-wrapper\">\n\t\t\t\t<span class=\"elementor-counter-number-prefix\"><\/span>\n\t\t\t\t<span class=\"elementor-counter-number\" data-duration=\"2000\" data-to-value=\"80\" data-from-value=\"\" data-delimiter=\",\"><\/span>\n\t\t\t\t<span class=\"elementor-counter-number-suffix\">%<\/span>\n\t\t\t<\/div>\n\t\t<\/div>\n\t\t\t\t\t\t<\/div>\n\t\t\t\t<\/div>\n\t\t\t\t\t<\/div>\n\t\t\t\t<\/div>\n\t\t<div class=\"elementor-element elementor-element-31a7a9e e-grid e-con-boxed e-con e-parent\" data-id=\"31a7a9e\" data-element_type=\"container\" data-settings=\"{&quot;background_background&quot;:&quot;classic&quot;}\">\n\t\t\t\t\t<div class=\"e-con-inner\">\n\t\t<div class=\"elementor-element elementor-element-be731fe e-con-full e-flex e-con e-child\" data-id=\"be731fe\" data-element_type=\"container\">\n\t\t\t\t<div class=\"elementor-element elementor-element-066f651 elementor-widget__width-initial elementor-widget elementor-widget-heading\" data-id=\"066f651\" data-element_type=\"widget\" data-widget_type=\"heading.default\">\n\t\t\t\t<div class=\"elementor-widget-container\">\n\t\t\t\t\t<h3 class=\"elementor-heading-title elementor-size-default\">Ne perdez pas de temps, prenez les devants et inscrivez-vous d\u00e8s aujourd'hui !<\/h3>\t\t\t\t<\/div>\n\t\t\t\t<\/div>\n\t\t\t\t<\/div>\n\t\t\t\t<div class=\"elementor-element elementor-element-28942b2 elementor-align-center elementor-widget elementor-widget-button\" data-id=\"28942b2\" data-element_type=\"widget\" data-widget_type=\"button.default\">\n\t\t\t\t<div class=\"elementor-widget-container\">\n\t\t\t\t\t\t\t\t\t<div class=\"elementor-button-wrapper\">\n\t\t\t\t\t<a class=\"elementor-button elementor-button-link elementor-size-md\" href=\"\" rel=\"nofollow\">\n\t\t\t\t\t\t<span class=\"elementor-button-content-wrapper\">\n\t\t\t\t\t\t\t\t\t<span class=\"elementor-button-text\">inscrire maintenant <\/span>\n\t\t\t\t\t<\/span>\n\t\t\t\t\t<\/a>\n\t\t\t\t<\/div>\n\t\t\t\t\t\t\t\t<\/div>\n\t\t\t\t<\/div>\n\t\t\t\t\t<\/div>\n\t\t\t\t<\/div>\n\t\t\t\t<\/div>\n\t\t","protected":false},"excerpt":{"rendered":"<p>Goethe et Schiller A l\u2019issue de leur rencontre \u00e0 Jena en juillet 1794, Goethe et Schiller vont nouer une amiti\u00e9 qu\u2019un intense \u00e9change \u00e9pistolaire va entretenir et alimenter jusqu\u2019\u00e0 la mort pr\u00e9matur\u00e9e de Schiller en 1805. Cet \u00e9change \u00e9pistolaire de facture classique, qui donne souvent \u00e0 la lettre la dimension d\u2019un espace critique ou lui&#8230;<\/p>\n","protected":false},"author":1,"featured_media":0,"parent":0,"menu_order":0,"comment_status":"closed","ping_status":"closed","template":"","meta":{"give_campaign_id":0,"_monsterinsights_skip_tracking":false,"_monsterinsights_sitenote_active":false,"_monsterinsights_sitenote_note":"","_monsterinsights_sitenote_category":0,"_price":"","_stock":"","_tribe_ticket_header":"","_tribe_default_ticket_provider":"","_tribe_ticket_capacity":"0","_ticket_start_date":"","_ticket_end_date":"","_tribe_ticket_show_description":"","_tribe_ticket_show_not_going":false,"_tribe_ticket_use_global_stock":"","_tribe_ticket_global_stock_level":"","_global_stock_mode":"","_global_stock_cap":"","_tribe_rsvp_for_event":"","_tribe_ticket_going_count":"","_tribe_ticket_not_going_count":"","_tribe_tickets_list":"[]","_tribe_ticket_has_attendee_info_fields":false,"_kadence_starter_templates_imported_post":true,"_kad_post_transparent":"","_kad_post_title":"hide","_kad_post_layout":"fullwidth","_kad_post_sidebar_id":"","_kad_post_content_style":"unboxed","_kad_post_vertical_padding":"hide","_kad_post_feature":"hide","_kad_post_feature_position":"","_kad_post_header":false,"_kad_post_footer":false,"footnotes":"","_tec_slr_enabled":"","_tec_slr_layout":""},"class_list":["post-1443","page","type-page","status-publish","hentry"],"aioseo_notices":[],"campaignId":"","ticketed":false,"_links":{"self":[{"href":"https:\/\/cp-goethe-schiller.ma\/index.php?rest_route=\/wp\/v2\/pages\/1443","targetHints":{"allow":["GET"]}}],"collection":[{"href":"https:\/\/cp-goethe-schiller.ma\/index.php?rest_route=\/wp\/v2\/pages"}],"about":[{"href":"https:\/\/cp-goethe-schiller.ma\/index.php?rest_route=\/wp\/v2\/types\/page"}],"author":[{"embeddable":true,"href":"https:\/\/cp-goethe-schiller.ma\/index.php?rest_route=\/wp\/v2\/users\/1"}],"replies":[{"embeddable":true,"href":"https:\/\/cp-goethe-schiller.ma\/index.php?rest_route=%2Fwp%2Fv2%2Fcomments&post=1443"}],"version-history":[{"count":70,"href":"https:\/\/cp-goethe-schiller.ma\/index.php?rest_route=\/wp\/v2\/pages\/1443\/revisions"}],"predecessor-version":[{"id":2916,"href":"https:\/\/cp-goethe-schiller.ma\/index.php?rest_route=\/wp\/v2\/pages\/1443\/revisions\/2916"}],"wp:attachment":[{"href":"https:\/\/cp-goethe-schiller.ma\/index.php?rest_route=%2Fwp%2Fv2%2Fmedia&parent=1443"}],"curies":[{"name":"wp","href":"https:\/\/api.w.org\/{rel}","templated":true}]}}